{"id":2068,"date":"2025-10-29T19:24:59","date_gmt":"2025-10-29T18:24:59","guid":{"rendered":"https:\/\/www.gonzalez-gonzalez.es\/producto\/stainless-steel-straw-bag-set\/"},"modified":"2025-12-06T12:37:19","modified_gmt":"2025-12-06T11:37:19","slug":"stainless-steel-straw-bag-set","status":"publish","type":"product","link":"https:\/\/www.gonzalez-gonzalez.es\/en\/product\/stainless-steel-straw-bag-set\/","title":{"rendered":"Stainless Steel Straw Bag Set"},"content":{"rendered":"<p>1 straw \u00d8 8 mm x 21.5 cm, 1 straw \u00d8 6 mm x 21 cm, brush \u00d8 9 mm x 21 cm, goat hair. Material: Stainless Steel.<\/p>\n","protected":false},"excerpt":{"rendered":"<p>1 straw \u00d8 8 mm x 21.5 cm, 1 straw \u00d8 6 mm x 21 cm, brush \u00d8 9 mm x 21 cm, goat hair. Material: Stainless Steel.<\/p>\n","protected":false},"featured_media":803,"comment_status":"closed","ping_status":"open","template":"","meta":{"_acf_changed":false},"product_brand":[],"product_cat":[337,351],"product_tag":[294,293,306],"class_list":{"0":"post-2068","1":"product","2":"type-product","3":"status-publish","4":"has-post-thumbnail","6":"product_cat-kitchen","7":"product_cat-kitchen-utensils","8":"product_tag-ecological","9":"product_tag-kitchen","10":"product_tag-utensils","12":"first","13":"instock","14":"taxable","15":"shipping-taxable","16":"purchasable","17":"product-type-simple"},"bundled_by":[],"bundle_stock_status":"instock","bundle_stock_quantity":7,"bundle_virtual":false,"bundle_layout":"","bundle_add_to_cart_form_location":"","bundle_editable_in_cart":false,"bundle_sold_individually_context":"","bundle_item_grouping":"","bundle_min_size":"","bundle_max_size":"","bundle_price":[],"bundled_items":[],"bundle_sell_ids":[],"acf":[],"_links":{"self":[{"href":"https:\/\/www.gonzalez-gonzalez.es\/en\/wp-json\/wp\/v2\/product\/2068","targetHints":{"allow":["GET"]}}],"collection":[{"href":"https:\/\/www.gonzalez-gonzalez.es\/en\/wp-json\/wp\/v2\/product"}],"about":[{"href":"https:\/\/www.gonzalez-gonzalez.es\/en\/wp-json\/wp\/v2\/types\/product"}],"replies":[{"embeddable":true,"href":"https:\/\/www.gonzalez-gonzalez.es\/en\/wp-json\/wp\/v2\/comments?post=2068"}],"wp:featuredmedia":[{"embeddable":true,"href":"https:\/\/www.gonzalez-gonzalez.es\/en\/wp-json\/wp\/v2\/media\/803"}],"wp:attachment":[{"href":"https:\/\/www.gonzalez-gonzalez.es\/en\/wp-json\/wp\/v2\/media?parent=2068"}],"wp:term":[{"taxonomy":"product_brand","embeddable":true,"href":"https:\/\/www.gonzalez-gonzalez.es\/en\/wp-json\/wp\/v2\/product_brand?post=2068"},{"taxonomy":"product_cat","embeddable":true,"href":"https:\/\/www.gonzalez-gonzalez.es\/en\/wp-json\/wp\/v2\/product_cat?post=2068"},{"taxonomy":"product_tag","embeddable":true,"href":"https:\/\/www.gonzalez-gonzalez.es\/en\/wp-json\/wp\/v2\/product_tag?post=2068"}],"curies":[{"name":"wp","href":"https:\/\/api.w.org\/{rel}","templated":true}]}}